{"id":20,"date":"2025-03-05T12:55:12","date_gmt":"2025-03-05T11:55:12","guid":{"rendered":"https:\/\/editionscaravela.fr\/?page_id=20"},"modified":"2026-01-18T19:29:09","modified_gmt":"2026-01-18T18:29:09","slug":"litterature-de-voyage","status":"publish","type":"page","link":"https:\/\/editionscaravela.fr\/","title":{"rendered":"Litt\u00e9rature de voyage"},"content":{"rendered":"\n<p><em>La caravelle \u00e9tait un bateau \u00e0 voile \u00e0 faible tirant d\u2019eau destin\u00e9 \u00e0 l\u2019exploration et \u00e0 la d\u00e9couverte. Notre projet est de faire de Caravela, non pas un fr\u00eale esquif revenant des Indes ou des \u00eeles \u00e0 \u00e9pices charg\u00e9 de clous de girofle, de brocard ou de pierreries, mais un agile vaisseau d\u2019exploration litt\u00e9raire rapportant dans ses soutes des tr\u00e9sors de route glan\u00e9s aux quatre coins du monde. Aventures humaines d\u2019hier et d\u2019aujourd\u2019hui, g\u00e9ographiques et initiatiques, le long de toutes sortes de rivages. R\u00e9cits de voyages anciens et contemporains, r\u00e9els ou imaginaires, romans fran\u00e7ais, lusophones et sud-am\u00e9ricains, essais, po\u00e9sie. La ligne \u00e9ditoriale pourrait se r\u00e9sumer en trois mots&nbsp;: litt\u00e9rature de voyage<strong>.<\/strong><\/em><\/p>\n\n\n\n<p><em>Caravela <\/em>publie 5 \u00e0 6 titres par an. Diffusion\/distribution SOFIADIS.<\/p>\n\n\n\n<p><\/p>\n","protected":false},"excerpt":{"rendered":"<p>La caravelle \u00e9tait un bateau \u00e0 voile \u00e0 faible tirant d\u2019eau destin\u00e9 \u00e0 l\u2019exploration et \u00e0 la d\u00e9couverte. Notre projet est de faire de Caravela, non pas un fr\u00eale esquif revenant des Indes ou des \u00eeles \u00e0 \u00e9pices charg\u00e9 de clous de girofle, de brocard ou de pierreries, mais un agile vaisseau d\u2019exploration litt\u00e9raire rapportant dans ses soutes des tr\u00e9sors de route glan\u00e9s aux quatre coins du monde. Aventures humaines d\u2019hier et d\u2019aujourd\u2019hui, g\u00e9ographiques et initiatiques, le long de toutes sortes de rivages. R\u00e9cits de voyages anciens et contemporains, r\u00e9els ou imaginaires, romans fran\u00e7ais, lusophones et sud-am\u00e9ricains, essais, po\u00e9sie. La ligne \u00e9ditoriale pourrait se r\u00e9sumer en trois mots&nbsp;: litt\u00e9rature de voyage. Caravela publie 5 \u00e0 6 titres par an. Diffusion\/distribution SOFIADIS.<\/p>\n","protected":false},"author":1,"featured_media":0,"parent":0,"menu_order":0,"comment_status":"closed","ping_status":"closed","template":"","meta":{"footnotes":""},"class_list":["post-20","page","type-page","status-publish","hentry"],"_links":{"self":[{"href":"https:\/\/editionscaravela.fr\/index.php\/wp-json\/wp\/v2\/pages\/20","targetHints":{"allow":["GET"]}}],"collection":[{"href":"https:\/\/editionscaravela.fr\/index.php\/wp-json\/wp\/v2\/pages"}],"about":[{"href":"https:\/\/editionscaravela.fr\/index.php\/wp-json\/wp\/v2\/types\/page"}],"author":[{"embeddable":true,"href":"https:\/\/editionscaravela.fr\/index.php\/wp-json\/wp\/v2\/users\/1"}],"replies":[{"embeddable":true,"href":"https:\/\/editionscaravela.fr\/index.php\/wp-json\/wp\/v2\/comments?post=20"}],"version-history":[{"count":4,"href":"https:\/\/editionscaravela.fr\/index.php\/wp-json\/wp\/v2\/pages\/20\/revisions"}],"predecessor-version":[{"id":132,"href":"https:\/\/editionscaravela.fr\/index.php\/wp-json\/wp\/v2\/pages\/20\/revisions\/132"}],"wp:attachment":[{"href":"https:\/\/editionscaravela.fr\/index.php\/wp-json\/wp\/v2\/media?parent=20"}],"curies":[{"name":"wp","href":"https:\/\/api.w.org\/{rel}","templated":true}]}}