{"id":24,"date":"2025-03-05T13:01:45","date_gmt":"2025-03-05T12:01:45","guid":{"rendered":"https:\/\/editionscaravela.fr\/?page_id=24"},"modified":"2026-01-18T19:26:37","modified_gmt":"2026-01-18T18:26:37","slug":"a-paraitre","status":"publish","type":"page","link":"https:\/\/editionscaravela.fr\/index.php\/a-paraitre\/","title":{"rendered":"\u00e0 para\u00eetre"},"content":{"rendered":"\n<div class=\"wp-block-columns is-layout-flex wp-container-core-columns-is-layout-9d6595d7 wp-block-columns-is-layout-flex\">\n<div class=\"wp-block-column is-layout-flow wp-block-column-is-layout-flow\" style=\"flex-basis:33.33%\">\n<p>En 2026<\/p>\n<\/div>\n\n\n\n<div class=\"wp-block-column is-layout-flow wp-block-column-is-layout-flow\" style=\"flex-basis:66.66%\">\n<p><strong><em>Magellan, le premier tour du monde<\/em><\/strong>, de <strong>Jean-Fran\u00e7ois de la Harpe<\/strong> (1780) &#8211; Les grands navigateurs &#8211; tome 3.<\/p>\n\n\n\n<p><strong><em>Pr<\/em><\/strong><em><strong>emiers voyages vers le p\u00f4le nord <\/strong>&#8211; <strong>recherche des passages du nord-ouest et du nord-est<\/strong><\/em><strong>, <\/strong>de<strong> Jean-Fran\u00e7ois de la Harpe<\/strong> (1780) &#8211; Les grands navigateurs &#8211; tome 4.<\/p>\n<\/div>\n<\/div>\n\n\n\n<div class=\"wp-block-columns is-layout-flex wp-container-core-columns-is-layout-9d6595d7 wp-block-columns-is-layout-flex\">\n<div class=\"wp-block-column is-layout-flow wp-block-column-is-layout-flow\" style=\"flex-basis:33.33%\">\n<p><\/p>\n<\/div>\n\n\n\n<div class=\"wp-block-column is-layout-flow wp-block-column-is-layout-flow\" style=\"flex-basis:66.66%\">\n<p><strong><em>Kim<\/em>, de Rudyard Kipling<\/strong>, roman traduit de l&#8217;anglais.<\/p>\n\n\n\n<p><strong><em>Voyage dans les royaumes de Siam, de Cambodge, de Laos et autres parties centrales de l&#8217;Indochine<\/em>, <\/strong>de<strong> Henri Mouhot.<\/strong><\/p>\n<\/div>\n<\/div>\n\n\n\n<div class=\"wp-block-columns is-layout-flex wp-container-core-columns-is-layout-9d6595d7 wp-block-columns-is-layout-flex\">\n<div class=\"wp-block-column is-layout-flow wp-block-column-is-layout-flow\" style=\"flex-basis:33.33%\">\n<p><\/p>\n<\/div>\n\n\n\n<div class=\"wp-block-column is-layout-flow wp-block-column-is-layout-flow\" style=\"flex-basis:66.66%\">\n<p><strong><em>Dents noires<\/em>, <\/strong>de<strong> Andre de Leones<\/strong>, roman traduit du portugais (Br\u00e9sil).<\/p>\n<\/div>\n<\/div>\n\n\n\n<div class=\"wp-block-columns is-layout-flex wp-container-core-columns-is-layout-9d6595d7 wp-block-columns-is-layout-flex\">\n<div class=\"wp-block-column is-layout-flow wp-block-column-is-layout-flow\" style=\"flex-basis:33.33%\"><\/div>\n\n\n\n<div class=\"wp-block-column is-layout-flow wp-block-column-is-layout-flow\" style=\"flex-basis:66.66%\">\n<p><strong><em>Aim\u00e9 Bonpland &#8211; une figure de l&#8217;ombre,<\/em> <\/strong>de<strong> Luiz Antonio de Assis Brasil<\/strong>, roman traduit du portugais (Br\u00e9sil).<\/p>\n<\/div>\n<\/div>\n","protected":false},"excerpt":{"rendered":"<p>En 2026 Magellan, le premier tour du monde, de Jean-Fran\u00e7ois de la Harpe (1780) &#8211; Les grands navigateurs &#8211; tome 3. Premiers voyages vers le p\u00f4le nord &#8211; recherche des passages du nord-ouest et du nord-est, de Jean-Fran\u00e7ois de la Harpe (1780) &#8211; Les grands navigateurs &#8211; tome 4. Kim, de Rudyard Kipling, roman traduit de l&#8217;anglais. Voyage dans les royaumes de Siam, de Cambodge, de Laos et autres parties centrales de l&#8217;Indochine, de Henri Mouhot. Dents noires, de Andre de Leones, roman traduit du portugais (Br\u00e9sil). Aim\u00e9 Bonpland &#8211; une figure de l&#8217;ombre, de Luiz Antonio de Assis Brasil, roman traduit du portugais (Br\u00e9sil).<\/p>\n","protected":false},"author":1,"featured_media":0,"parent":0,"menu_order":0,"comment_status":"closed","ping_status":"closed","template":"","meta":{"footnotes":""},"class_list":["post-24","page","type-page","status-publish","hentry"],"_links":{"self":[{"href":"https:\/\/editionscaravela.fr\/index.php\/wp-json\/wp\/v2\/pages\/24","targetHints":{"allow":["GET"]}}],"collection":[{"href":"https:\/\/editionscaravela.fr\/index.php\/wp-json\/wp\/v2\/pages"}],"about":[{"href":"https:\/\/editionscaravela.fr\/index.php\/wp-json\/wp\/v2\/types\/page"}],"author":[{"embeddable":true,"href":"https:\/\/editionscaravela.fr\/index.php\/wp-json\/wp\/v2\/users\/1"}],"replies":[{"embeddable":true,"href":"https:\/\/editionscaravela.fr\/index.php\/wp-json\/wp\/v2\/comments?post=24"}],"version-history":[{"count":16,"href":"https:\/\/editionscaravela.fr\/index.php\/wp-json\/wp\/v2\/pages\/24\/revisions"}],"predecessor-version":[{"id":124,"href":"https:\/\/editionscaravela.fr\/index.php\/wp-json\/wp\/v2\/pages\/24\/revisions\/124"}],"wp:attachment":[{"href":"https:\/\/editionscaravela.fr\/index.php\/wp-json\/wp\/v2\/media?parent=24"}],"curies":[{"name":"wp","href":"https:\/\/api.w.org\/{rel}","templated":true}]}}